{"id":123,"date":"2024-04-25T06:55:44","date_gmt":"2024-04-25T05:55:44","guid":{"rendered":"https:\/\/belegstelle-waldhaus.de\/wordpress\/?page_id=123"},"modified":"2025-02-17T13:14:28","modified_gmt":"2025-02-17T12:14:28","slug":"zuchtstoff","status":"publish","type":"page","link":"https:\/\/belegstelle-waldhaus.de\/wordpress\/zuchtstoff\/","title":{"rendered":"Zuchtstoff"},"content":{"rendered":"\n<p>Auf der Belegstelle wird nach Voranmeldung Zuchtstoff abgegeben. Mitglieder der die Belegstelle unterst\u00fctzenden Vereine Imkerverein Gie\u00dfen e.V. und Imkerverein D\u00fcnsberg e.V. erhalten bis zu 20 Larven je Imker kostenlos.<br><br>Als Zuchtmutter steht in diesem Jahr die K\u00f6nigin DE-7-179-278-23 zur Verf\u00fcgung.<br>Daten siehe: <a href=\"https:\/\/www2.hu-berlin.de\/beebreed\/ZWS\/zw\/koenigin.php?l=DE&amp;lv=7&amp;z=179&amp;nr=278&amp;j=2023\">https:\/\/www2.hu-berlin.de\/beebreed\/ZWS\/zw\/koenigin.php?l=DE&amp;lv=7&amp;z=179&amp;nr=278&amp;j=2023<\/a><br><\/p>\n","protected":false},"excerpt":{"rendered":"<p>Auf der Belegstelle wird nach Voranmeldung Zuchtstoff abgegeben. Mitglieder der die Belegstelle unterst\u00fctzenden Vereine Imkerverein Gie\u00dfen e.V. und Imkerverein D\u00fcnsberg e.V. erhalten bis zu 20 Larven je Imker kostenlos. Als Zuchtmutter steht in diesem Jahr die K\u00f6nigin DE-7-179-278-23 zur Verf\u00fcgung.Daten siehe: https:\/\/www2.hu-berlin.de\/beebreed\/ZWS\/zw\/koenigin.php?l=DE&amp;lv=7&amp;z=179&amp;nr=278&amp;j=2023<\/p>\n","protected":false},"author":1,"featured_media":0,"parent":0,"menu_order":0,"comment_status":"closed","ping_status":"closed","template":"","meta":{"footnotes":""},"class_list":["post-123","page","type-page","status-publish","hentry"],"_links":{"self":[{"href":"https:\/\/belegstelle-waldhaus.de\/wordpress\/wp-json\/wp\/v2\/pages\/123","targetHints":{"allow":["GET"]}}],"collection":[{"href":"https:\/\/belegstelle-waldhaus.de\/wordpress\/wp-json\/wp\/v2\/pages"}],"about":[{"href":"https:\/\/belegstelle-waldhaus.de\/wordpress\/wp-json\/wp\/v2\/types\/page"}],"author":[{"embeddable":true,"href":"https:\/\/belegstelle-waldhaus.de\/wordpress\/wp-json\/wp\/v2\/users\/1"}],"replies":[{"embeddable":true,"href":"https:\/\/belegstelle-waldhaus.de\/wordpress\/wp-json\/wp\/v2\/comments?post=123"}],"version-history":[{"count":3,"href":"https:\/\/belegstelle-waldhaus.de\/wordpress\/wp-json\/wp\/v2\/pages\/123\/revisions"}],"predecessor-version":[{"id":129,"href":"https:\/\/belegstelle-waldhaus.de\/wordpress\/wp-json\/wp\/v2\/pages\/123\/revisions\/129"}],"wp:attachment":[{"href":"https:\/\/belegstelle-waldhaus.de\/wordpress\/wp-json\/wp\/v2\/media?parent=123"}],"curies":[{"name":"wp","href":"https:\/\/api.w.org\/{rel}","templated":true}]}}