{"id":134,"date":"2025-03-22T11:05:58","date_gmt":"2025-03-22T10:05:58","guid":{"rendered":"https:\/\/belegstelle-waldhaus.de\/wordpress\/?page_id=134"},"modified":"2026-04-22T11:34:22","modified_gmt":"2026-04-22T10:34:22","slug":"inselbeschickung-2025","status":"publish","type":"page","link":"https:\/\/belegstelle-waldhaus.de\/wordpress\/inselbeschickung-2025\/","title":{"rendered":"Inselbeschickung 2026"},"content":{"rendered":"\n<p><\/p>\n\n\n\n<p><\/p>\n\n\n\n<p>Wie in den vergangenen Jahren organisiert das Team der Belegstelle Waldhaus auch in diesem Jahr wieder zwei Sammeltransporte zu Nordseeinselbelegstellen f\u00fcr Imker, Z\u00fcchter und Berufsimker.<\/p>\n\n\n\n<p>In diesem Jahr sind wir f\u00fcr folgende Termine und Insel vorangemeldet:<\/p>\n\n\n\n<ol class=\"wp-block-list\">\n<li class=\"has-small-font-size\"><strong>Besuch der Inselbelegstelle Norderney<\/strong><br>Carnica &#8211; Varroatoleranz\/SMR (70)<br>4A V\u00f6lker der Belegstelle: DE-7-45-658-2023<br><a href=\"https:\/\/www2.hu-berlin.de\/beebreed\/ZWS\/zw\/kl.php?&amp;l1a=DE&amp;lv1a=7&amp;z1a=45&amp;nr1a=658&amp;j1a=2023&amp;koer=&amp;available=&amp;linie=&amp;linieid=0&amp;gzw=&amp;smrzw=\">https:\/\/www2.hu-berlin.de\/beebreed\/ZWS\/zw\/kl.php?&amp;l1a=DE&amp;lv1a=7&amp;z1a=45&amp;nr1a=658&amp;j1a=2023&amp;koer=&amp;available=&amp;linie=&amp;linieid=0&amp;gzw=&amp;smrzw=<\/a><br>Transport zur Insel: <strong><em>31.05.2026<\/em><\/strong><br><em>(inkl. 2 Reservetagen, falls bei der K\u00f6niginnenaufzucht etwas misslingt) wie folgt aussehen:<br>Umlarven: 15.05.2025<br>Endpflege: ab 09.05.2025<br>Brutschrank bzw. k\u00e4figen: 20.05.2025<br>Schlupf der K\u00f6niginnen: 27.05.2025<br>Abgabe Gestelle zum Inseltransport : 30.05.2025<br>Aufstellung der K\u00f6niginnen auf der Insel Norderney durch Herrn Murra: 01.06.2025<\/em><br>Der R\u00fccktransport ist f\u00fcr den 17.06.2026 geplant, die K\u00f6niginnen k\u00f6nnen dann ab ca. 18:00 Uhr in Biebertal abgeholt werden.<br><br><\/li>\n\n\n\n<li><strong>Besuch der Inselbelegstelle<\/strong>: Ver\u00f6ffentlichung in K\u00fcrze<br><br><br><br><br><br>Die Belegstelle bietet den Transport mit EUR 10,&#8211; je Fahrt und 6er-EWK Gestell an. Die Abrechnung s\u00e4mtlicher weiterer Inselbelegstellenkosten erfolgt \u00fcber den Landesverband der Imker Weser Ems e.V. mit dem jeweiligen Imker direkt. <br><br>Zur Inselbegattung angemeldete K\u00f6niginnen m\u00fcssen auch angeliefert werden. Die knappen Aufstellpl\u00e4tze auf der Insel werden f\u00fcr den jeweiligen Imker entsprechend reserviert. Daher k\u00f6nnen nicht angelieferte K\u00f6niginnen vom zust\u00e4ndigen Landesverband mit dem vollen Geb\u00fchrensatz berechnet werden ! <br><br>Bei Interesse bitte wir um zeitnahe Anmeldung, da die Inseln nur begrenzt Aufstellpl\u00e4tze f\u00fcr K\u00f6niginnen haben und sehr hoch ausgelastet sind.<br><br>Weitere und genauere Informationen ver\u00f6ffentlichen wir jeweils hier in K\u00fcrze.<\/li>\n<\/ol>\n","protected":false},"excerpt":{"rendered":"<p>Wie in den vergangenen Jahren organisiert das Team der Belegstelle Waldhaus auch in diesem Jahr wieder zwei Sammeltransporte zu Nordseeinselbelegstellen f\u00fcr Imker, Z\u00fcchter und Berufsimker. In diesem Jahr sind wir f\u00fcr folgende Termine und Insel vorangemeldet:<\/p>\n","protected":false},"author":1,"featured_media":0,"parent":0,"menu_order":0,"comment_status":"closed","ping_status":"closed","template":"","meta":{"footnotes":""},"class_list":["post-134","page","type-page","status-publish","hentry"],"_links":{"self":[{"href":"https:\/\/belegstelle-waldhaus.de\/wordpress\/wp-json\/wp\/v2\/pages\/134","targetHints":{"allow":["GET"]}}],"collection":[{"href":"https:\/\/belegstelle-waldhaus.de\/wordpress\/wp-json\/wp\/v2\/pages"}],"about":[{"href":"https:\/\/belegstelle-waldhaus.de\/wordpress\/wp-json\/wp\/v2\/types\/page"}],"author":[{"embeddable":true,"href":"https:\/\/belegstelle-waldhaus.de\/wordpress\/wp-json\/wp\/v2\/users\/1"}],"replies":[{"embeddable":true,"href":"https:\/\/belegstelle-waldhaus.de\/wordpress\/wp-json\/wp\/v2\/comments?post=134"}],"version-history":[{"count":9,"href":"https:\/\/belegstelle-waldhaus.de\/wordpress\/wp-json\/wp\/v2\/pages\/134\/revisions"}],"predecessor-version":[{"id":172,"href":"https:\/\/belegstelle-waldhaus.de\/wordpress\/wp-json\/wp\/v2\/pages\/134\/revisions\/172"}],"wp:attachment":[{"href":"https:\/\/belegstelle-waldhaus.de\/wordpress\/wp-json\/wp\/v2\/media?parent=134"}],"curies":[{"name":"wp","href":"https:\/\/api.w.org\/{rel}","templated":true}]}}