{"id":19,"date":"2015-03-10T10:55:36","date_gmt":"2015-03-10T10:55:36","guid":{"rendered":"http:\/\/belegstelle-waldhaus.de\/wordpress\/?page_id=19"},"modified":"2026-03-17T11:41:46","modified_gmt":"2026-03-17T10:41:46","slug":"drohnenvoelker","status":"publish","type":"page","link":"https:\/\/belegstelle-waldhaus.de\/wordpress\/drohnenvoelker\/","title":{"rendered":"Drohnenv\u00f6lker"},"content":{"rendered":"<div class=\"grid_18\">\n<div class=\"block\">\n<article class=\"item-page\">\n<div class=\"article-bg\">\n<h3>Zum Einsatz kommen insgesamt 60 Vaterv\u00f6lker:<\/h3>\n<\/div>\n<p>A) 20x DE-7-45-207-2023 (Bieneninstitut Kirchhain, AGT-Toleranzzucht)<br \/>\nB) 10x DE-7-45-536-2022 (Bieneninstitut Kirchhain, AGT-Toleranzzucht)<br \/>\nC) 20x DE-7-179-278-2023 (Schellenberg, Biebertal)<br \/>\nD 10x DE-7-179-73-2021 (Schellenberg, Biebertal)<\/p>\n<div class=\"article-bg\">\n<p>Die M\u00fctter der Vaterv\u00f6lker haben \u00fcberdurchschnittlich hohe Zuchtwerte und sind in der h\u00f6chsten K\u00f6rklasse \u201eAv\u201c gek\u00f6rt. Sie sind somit \u201euneingeschr\u00e4nkt nachzuchtw\u00fcrdig und zur Verwendung als 4a-Volk auf stark frequentierten Belegtellen geeignet (2 Varroamerkmale, Varroaindex \u00fcber 100%)\u201c.<\/p>\n<p>Die Drohnenv\u00f6lker sind an verschiedenen Stellen im Flugradius der Belegstelle aufgestellt um gute Verteilung der Drohnen mit hoher Drohnendichte zu erreichen.<\/p>\n<\/div>\n<\/article>\n<\/div>\n<\/div>\n","protected":false},"excerpt":{"rendered":"<p>Zum Einsatz kommen insgesamt 60 Vaterv\u00f6lker: A) 20x DE-7-45-207-2023 (Bieneninstitut Kirchhain, AGT-Toleranzzucht) B) 10x DE-7-45-536-2022 (Bieneninstitut Kirchhain, AGT-Toleranzzucht) C) 20x DE-7-179-278-2023 (Schellenberg, Biebertal) D 10x DE-7-179-73-2021 (Schellenberg, Biebertal) Die M\u00fctter der Vaterv\u00f6lker haben \u00fcberdurchschnittlich hohe Zuchtwerte und sind in der h\u00f6chsten K\u00f6rklasse \u201eAv\u201c gek\u00f6rt. Sie sind somit \u201euneingeschr\u00e4nkt nachzuchtw\u00fcrdig und zur Verwendung als 4a-Volk auf [&hellip;]<\/p>\n","protected":false},"author":1,"featured_media":0,"parent":0,"menu_order":0,"comment_status":"open","ping_status":"open","template":"template-right-nav-sidebar.php","meta":{"footnotes":""},"class_list":["post-19","page","type-page","status-publish","hentry"],"_links":{"self":[{"href":"https:\/\/belegstelle-waldhaus.de\/wordpress\/wp-json\/wp\/v2\/pages\/19","targetHints":{"allow":["GET"]}}],"collection":[{"href":"https:\/\/belegstelle-waldhaus.de\/wordpress\/wp-json\/wp\/v2\/pages"}],"about":[{"href":"https:\/\/belegstelle-waldhaus.de\/wordpress\/wp-json\/wp\/v2\/types\/page"}],"author":[{"embeddable":true,"href":"https:\/\/belegstelle-waldhaus.de\/wordpress\/wp-json\/wp\/v2\/users\/1"}],"replies":[{"embeddable":true,"href":"https:\/\/belegstelle-waldhaus.de\/wordpress\/wp-json\/wp\/v2\/comments?post=19"}],"version-history":[{"count":13,"href":"https:\/\/belegstelle-waldhaus.de\/wordpress\/wp-json\/wp\/v2\/pages\/19\/revisions"}],"predecessor-version":[{"id":168,"href":"https:\/\/belegstelle-waldhaus.de\/wordpress\/wp-json\/wp\/v2\/pages\/19\/revisions\/168"}],"wp:attachment":[{"href":"https:\/\/belegstelle-waldhaus.de\/wordpress\/wp-json\/wp\/v2\/media?parent=19"}],"curies":[{"name":"wp","href":"https:\/\/api.w.org\/{rel}","templated":true}]}}