{"id":6,"date":"2015-03-10T10:48:33","date_gmt":"2015-03-10T10:48:33","guid":{"rendered":"http:\/\/belegstelle-waldhaus.de\/wordpress\/?page_id=6"},"modified":"2026-03-17T11:37:12","modified_gmt":"2026-03-17T10:37:12","slug":"belegstelle-waldhaus","status":"publish","type":"page","link":"https:\/\/belegstelle-waldhaus.de\/wordpress\/","title":{"rendered":"Belegstelle Waldhaus"},"content":{"rendered":"<div id=\"page-container-middle\">\n<section id=\"content\">\n<div class=\"container\">\n<div class=\"grid_18\">\n<div class=\"block\">\n<article class=\"item-page\">\n<div class=\"article-bg\">\n<h2>Bienenbelegstelle DE &#8211; 7\/1 Waldhaus<\/h2>\n<p>Herzlich willkommen auf den Internetseiten der anerkannten Belegstelle DE &#8211; 7\/1 Waldhaus.<\/p>\n<h3>\u00d6ffnungszeiten:<\/h3>\n<p><em><strong>Die Belegstelle bleibt am 24.07.2026 wegen der Veranstaltung &#8222;Golden Oldies&#8220; geschlossen.<\/strong><\/em><\/p>\n<p>Die Belegstelle ist ge\u00f6ffnet von 02.05.2026 bis zum 15.08.2026 jeweils Samstags von 17:00 bis 18:00 Uhr\u00a0 und bis zum 05.09.2026 nach Absprache. Bitte melden Sie alle Anlieferungen und Abholungen vorher an !<\/p>\n<p>Ansprechpartner:<\/p>\n<p>Belegstellenleiter: Stefan Schellenberg (Telefon: 06446\/88969-15)<br \/>Stellvertretender Belegstellenleiter: Bj\u00f6rn Fernhomberg<\/p>\n<h3>Drohnenv\u00f6lker:<\/h3>\n<p>Zum Einsatz kommen insgesamt 60 Vaterv\u00f6lker:<br \/>A) 20x\u00a0 \u00a0 \u00a0 \u00a0 \u00a0 DE-7-45-207-2023K (Bieneninstitut Kirchhain, AGT-Toleranzzucht)<br \/>B) 10x\u00a0 \u00a0 \u00a0 \u00a0 \u00a0 DE- 7-45-536-2022K (Bieneninstitut Kirchhain, AGT-Toleranzzucht)<br \/>C) 10x\u00a0 \u00a0 \u00a0 \u00a0 \u00a0 DE-7-179-73-2021K (Schellenberg, Biebertal, AGT)<br \/>D) 20x\u00a0 \u00a0 \u00a0 \u00a0 \u00a0DE-7-179-278-2023K (Schellenberg, Biebertal, AGT)<\/p>\n<p>Zuchtwertdaten siehe: https:\/\/www2.hu-berlin.de\/beebreed\/ZWS\/zw\/bst.php?lbst=DE&amp;lvbst=7&amp;jbst=2026<\/p>\n<p>(Stand: 15.02.2026)<\/p>\n<p>Die M\u00fctter aller Vaterv\u00f6lker haben \u00fcberdurchschnittlich hohe Zuchtwerte und sind in der h\u00f6chsten K\u00f6rklasse &#8222;Av&#8220; gek\u00f6rt.<br \/>Sie sind somit &#8222;uneingeschr\u00e4nkt nachzuchtw\u00fcrdig und zur Verwendung als 4a-Volk auf stark frequentierten Belegtellen geeignet (2 Varroamerkmale, Varroaindex \u00fcber 100%)&#8220;.<\/p>\n<\/div>\n<\/article>\n<\/div>\n<\/div>\n<\/div>\n<\/section>\n<\/div>\n<div id=\"page-container-bottom\"><footer id=\"footer\">\n<div class=\"container\">\n<div class=\"grid_12\">\n<div class=\"block\">\u00a0<\/div>\n<\/div>\n<\/div>\n<\/footer><\/div>\n\n\n<p><\/p>\n\n\n\n<p><\/p>\n","protected":false},"excerpt":{"rendered":"<p>Bienenbelegstelle DE &#8211; 7\/1 Waldhaus Herzlich willkommen auf den Internetseiten der anerkannten Belegstelle DE &#8211; 7\/1 Waldhaus. \u00d6ffnungszeiten: Die Belegstelle bleibt am 24.07.2026 wegen der Veranstaltung &#8222;Golden Oldies&#8220; geschlossen. Die Belegstelle ist ge\u00f6ffnet von 02.05.2026 bis zum 15.08.2026 jeweils Samstags von 17:00 bis 18:00 Uhr\u00a0 und bis zum 05.09.2026 nach Absprache. Bitte melden Sie alle [&hellip;]<\/p>\n","protected":false},"author":1,"featured_media":0,"parent":0,"menu_order":0,"comment_status":"open","ping_status":"open","template":"template-right-nav-sidebar.php","meta":{"footnotes":""},"class_list":["post-6","page","type-page","status-publish","hentry"],"_links":{"self":[{"href":"https:\/\/belegstelle-waldhaus.de\/wordpress\/wp-json\/wp\/v2\/pages\/6","targetHints":{"allow":["GET"]}}],"collection":[{"href":"https:\/\/belegstelle-waldhaus.de\/wordpress\/wp-json\/wp\/v2\/pages"}],"about":[{"href":"https:\/\/belegstelle-waldhaus.de\/wordpress\/wp-json\/wp\/v2\/types\/page"}],"author":[{"embeddable":true,"href":"https:\/\/belegstelle-waldhaus.de\/wordpress\/wp-json\/wp\/v2\/users\/1"}],"replies":[{"embeddable":true,"href":"https:\/\/belegstelle-waldhaus.de\/wordpress\/wp-json\/wp\/v2\/comments?post=6"}],"version-history":[{"count":21,"href":"https:\/\/belegstelle-waldhaus.de\/wordpress\/wp-json\/wp\/v2\/pages\/6\/revisions"}],"predecessor-version":[{"id":166,"href":"https:\/\/belegstelle-waldhaus.de\/wordpress\/wp-json\/wp\/v2\/pages\/6\/revisions\/166"}],"wp:attachment":[{"href":"https:\/\/belegstelle-waldhaus.de\/wordpress\/wp-json\/wp\/v2\/media?parent=6"}],"curies":[{"name":"wp","href":"https:\/\/api.w.org\/{rel}","templated":true}]}}